{"id":760,"date":"2025-04-09T17:29:34","date_gmt":"2025-04-09T15:29:34","guid":{"rendered":"https:\/\/pmsry.fi\/wp\/?page_id=760"},"modified":"2025-05-08T13:13:25","modified_gmt":"2025-05-08T11:13:25","slug":"majan-vuokraus","status":"publish","type":"page","link":"https:\/\/pmsry.fi\/wp\/majan-vuokraus\/","title":{"rendered":"Majan vuokraus"},"content":{"rendered":"\t\t<div data-elementor-type=\"wp-page\" data-elementor-id=\"760\" class=\"elementor elementor-760\" data-elementor-post-type=\"page\">\n\t\t\t\t<div class=\"elementor-element elementor-element-12d41976 e-con-full e-flex e-con e-parent\" data-id=\"12d41976\" data-element_type=\"container\" data-e-type=\"container\" data-settings=\"{&quot;background_background&quot;:&quot;classic&quot;}\">\n\t\t<div class=\"elementor-element elementor-element-7d2ab3a7 e-con-full e-flex e-con e-child\" data-id=\"7d2ab3a7\" data-element_type=\"container\" data-e-type=\"container\">\n\t\t\t\t<div class=\"elementor-element elementor-element-32b9d24 elementor-widget elementor-widget-heading\" data-id=\"32b9d24\" data-element_type=\"widget\" data-e-type=\"widget\" data-widget_type=\"heading.default\">\n\t\t\t\t\t<h2 class=\"elementor-heading-title elementor-size-default\">Ampumaradan maja<\/h2>\t\t\t\t<\/div>\n\t\t\t\t<div class=\"elementor-element elementor-element-236ef475 elementor-widget elementor-widget-heading\" data-id=\"236ef475\" data-element_type=\"widget\" data-e-type=\"widget\" data-widget_type=\"heading.default\">\n\t\t\t\t\t<h2 class=\"elementor-heading-title elementor-size-default\">vuokraa ampumaradan maja<\/h2>\t\t\t\t<\/div>\n\t\t\t\t<div class=\"elementor-element elementor-element-62e9f505 elementor-widget elementor-widget-text-editor\" data-id=\"62e9f505\" data-element_type=\"widget\" data-e-type=\"widget\" data-widget_type=\"text-editor.default\">\n\t\t\t\t\t\t\t\t\t<p>Ampumaradan alueella sijaitseva mets\u00e4stysmaja on vuokrattavissa niin seuran j\u00e4senten kuin muidenkin k\u00e4ytt\u00f6\u00f6n. T\u00e4ydellinen paikka saunoa ja rentoutua luonnon helmassa.<\/p>\t\t\t\t\t\t\t\t<\/div>\n\t\t\t\t<\/div>\n\t\t\t\t<\/div>\n\t\t<div class=\"elementor-element elementor-element-25bbcf3 e-flex e-con-boxed e-con e-parent\" data-id=\"25bbcf3\" data-element_type=\"container\" data-e-type=\"container\">\n\t\t\t\t\t<div class=\"e-con-inner\">\n\t\t<div class=\"elementor-element elementor-element-cb0125a e-con-full e-flex e-con e-child\" data-id=\"cb0125a\" data-element_type=\"container\" data-e-type=\"container\">\n\t\t\t\t<div class=\"elementor-element elementor-element-cb8d20a elementor-widget elementor-widget-heading\" data-id=\"cb8d20a\" data-element_type=\"widget\" data-e-type=\"widget\" data-widget_type=\"heading.default\">\n\t\t\t\t\t<h2 class=\"elementor-heading-title elementor-size-default\">Maja<\/h2>\t\t\t\t<\/div>\n\t\t\t\t<div class=\"elementor-element elementor-element-34126a3 elementor-widget elementor-widget-text-editor\" data-id=\"34126a3\" data-element_type=\"widget\" data-e-type=\"widget\" data-widget_type=\"text-editor.default\">\n\t\t\t\t\t\t\t\t\t<p>Ampumaradan alueella oleva majamme on vuokrattavissa my\u00f6s yksityisk\u00e4ytt\u00f6\u00f6n.<\/p><ul><li>Ilta\/tilaisuus 100\u20ac,\u00a0 j\u00e4senilt\u00e4 sek\u00e4 maanomistajilta 70\u20ac<\/li><li>Koko viikonloppu 200\u20ac ( perjantai-ilta\u2013sunnuntai-ilta ) j\u00e4senilt\u00e4 ja maanomistajilta 150\u20ac<\/li><li>Saunap\u00e4\u00e4n vuokra pesutiloineen 150\u20ac\/ ilta, j\u00e4senilt\u00e4 ja maanomistajilta 100\u20ac<\/li><li>Saunap\u00e4\u00e4 koko viikonloppu 220\u20ac, j\u00e4senilt\u00e4 ja maanomistajilta 150\u20ac<\/li><li>Reservil\u00e4iset maja+sauna 200\u20ac viikonloppu.<\/li><\/ul><p>Majan varustukseen kuuluu 48hl\u00f6 ruokailu- ja kahviastiasto, kahvinkeitin, vedenkeitin, liesi, tiskikone sek\u00e4 j\u00e4\u00e4kaappi.<\/p><p>Majan vuokraukseen liittyv\u00e4t tiedustelut Anu 0408494817<\/p>\t\t\t\t\t\t\t\t<\/div>\n\t\t\t\t<\/div>\n\t\t<div class=\"elementor-element elementor-element-5f63f76 e-con-full e-flex e-con e-child\" data-id=\"5f63f76\" data-element_type=\"container\" data-e-type=\"container\">\n\t\t\t\t<div class=\"elementor-element elementor-element-03ed835 elementor-skin-carousel elementor-pagination-type-bullets elementor-pagination-position-outside elementor-widget elementor-widget-media-carousel\" data-id=\"03ed835\" data-element_type=\"widget\" data-e-type=\"widget\" data-settings=\"{&quot;slides_per_view&quot;:&quot;1&quot;,&quot;slides_per_view_laptop&quot;:&quot;1&quot;,&quot;slides_to_scroll&quot;:&quot;1&quot;,&quot;slides_to_scroll_laptop&quot;:&quot;1&quot;,&quot;lazyload&quot;:&quot;yes&quot;,&quot;skin&quot;:&quot;carousel&quot;,&quot;effect&quot;:&quot;slide&quot;,&quot;pagination&quot;:&quot;bullets&quot;,&quot;speed&quot;:500,&quot;autoplay&quot;:&quot;yes&quot;,&quot;autoplay_speed&quot;:5000,&quot;loop&quot;:&quot;yes&quot;,&quot;pause_on_hover&quot;:&quot;yes&quot;,&quot;pause_on_interaction&quot;:&quot;yes&quot;,&quot;space_between&quot;:{&quot;unit&quot;:&quot;px&quot;,&quot;size&quot;:10,&quot;sizes&quot;:[]},&quot;space_between_laptop&quot;:{&quot;unit&quot;:&quot;px&quot;,&quot;size&quot;:10,&quot;sizes&quot;:[]},&quot;space_between_tablet&quot;:{&quot;unit&quot;:&quot;px&quot;,&quot;size&quot;:10,&quot;sizes&quot;:[]},&quot;space_between_mobile&quot;:{&quot;unit&quot;:&quot;px&quot;,&quot;size&quot;:10,&quot;sizes&quot;:[]}}\" data-widget_type=\"media-carousel.default\">\n\t\t\t\t\t\t\t\t\t\t<div class=\"elementor-main-swiper swiper\" role=\"region\" aria-roledescription=\"carousel\" aria-label=\"Slides\">\n\t\t\t\t<div class=\"swiper-wrapper\">\n\t\t\t\t\t\t\t\t\t\t\t<div class=\"swiper-slide\" role=\"group\" aria-roledescription=\"slide\">\n\t\t\t\t\t\t\t<a href=\"https:\/\/pmsry.fi\/wp\/wp-content\/uploads\/2025\/05\/ampumaradanmaja.webp\" data-elementor-open-lightbox=\"yes\" data-elementor-lightbox-slideshow=\"03ed835\" data-e-action-hash=\"#elementor-action%3Aaction%3Dlightbox%26settings%3DeyJpZCI6MTEyMiwidXJsIjoiaHR0cHM6XC9cL3Btc3J5LmZpXC93cFwvd3AtY29udGVudFwvdXBsb2Fkc1wvMjAyNVwvMDVcL2FtcHVtYXJhZGFubWFqYS53ZWJwIiwic2xpZGVzaG93IjoiMDNlZDgzNSJ9\">\t\t<div class=\"elementor-carousel-image swiper-lazy\" role=\"img\" aria-label=\"P\u00e4lk\u00e4neen ampumaradan maja\" data-background=\"https:\/\/pmsry.fi\/wp\/wp-content\/uploads\/2025\/05\/ampumaradanmaja.webp\">\n\n\t\t\t\t\t\t\t<div class=\"swiper-lazy-preloader\"><\/div>\n\t\t\t\n\t\t\t\t\t<\/div>\n\t\t<\/a>\t\t\t\t\t\t<\/div>\n\t\t\t\t\t\t\t\t\t\t\t<div class=\"swiper-slide\" role=\"group\" aria-roledescription=\"slide\">\n\t\t\t\t\t\t\t<a href=\"https:\/\/pmsry.fi\/wp\/wp-content\/uploads\/2025\/05\/metsastysmaja-juhlakunnossa-032.webp\" data-elementor-open-lightbox=\"yes\" data-elementor-lightbox-slideshow=\"03ed835\" data-e-action-hash=\"#elementor-action%3Aaction%3Dlightbox%26settings%3DeyJpZCI6MTE2MiwidXJsIjoiaHR0cHM6XC9cL3Btc3J5LmZpXC93cFwvd3AtY29udGVudFwvdXBsb2Fkc1wvMjAyNVwvMDVcL21ldHNhc3R5c21hamEtanVobGFrdW5ub3NzYS0wMzIud2VicCIsInNsaWRlc2hvdyI6IjAzZWQ4MzUifQ%3D%3D\">\t\t<div class=\"elementor-carousel-image swiper-lazy\" role=\"img\" aria-label=\"Ampumaradan maja juhlatilana\" data-background=\"https:\/\/pmsry.fi\/wp\/wp-content\/uploads\/2025\/05\/metsastysmaja-juhlakunnossa-032.webp\">\n\n\t\t\t\t\t\t\t<div class=\"swiper-lazy-preloader\"><\/div>\n\t\t\t\n\t\t\t\t\t<\/div>\n\t\t<\/a>\t\t\t\t\t\t<\/div>\n\t\t\t\t\t\t\t\t\t\t\t<div class=\"swiper-slide\" role=\"group\" aria-roledescription=\"slide\">\n\t\t\t\t\t\t\t<a href=\"https:\/\/pmsry.fi\/wp\/wp-content\/uploads\/2025\/05\/maja1.webp\" data-elementor-open-lightbox=\"yes\" data-elementor-lightbox-slideshow=\"03ed835\" data-e-action-hash=\"#elementor-action%3Aaction%3Dlightbox%26settings%3DeyJpZCI6MTE2MywidXJsIjoiaHR0cHM6XC9cL3Btc3J5LmZpXC93cFwvd3AtY29udGVudFwvdXBsb2Fkc1wvMjAyNVwvMDVcL21hamExLndlYnAiLCJzbGlkZXNob3ciOiIwM2VkODM1In0%3D\">\t\t<div class=\"elementor-carousel-image swiper-lazy\" role=\"img\" aria-label=\"maja1\" data-background=\"https:\/\/pmsry.fi\/wp\/wp-content\/uploads\/2025\/05\/maja1.webp\">\n\n\t\t\t\t\t\t\t<div class=\"swiper-lazy-preloader\"><\/div>\n\t\t\t\n\t\t\t\t\t<\/div>\n\t\t<\/a>\t\t\t\t\t\t<\/div>\n\t\t\t\t\t\t\t\t\t\t\t<div class=\"swiper-slide\" role=\"group\" aria-roledescription=\"slide\">\n\t\t\t\t\t\t\t<a href=\"https:\/\/pmsry.fi\/wp\/wp-content\/uploads\/2025\/05\/majasisalta.webp\" data-elementor-open-lightbox=\"yes\" data-elementor-lightbox-slideshow=\"03ed835\" data-e-action-hash=\"#elementor-action%3Aaction%3Dlightbox%26settings%3DeyJpZCI6MTE2NCwidXJsIjoiaHR0cHM6XC9cL3Btc3J5LmZpXC93cFwvd3AtY29udGVudFwvdXBsb2Fkc1wvMjAyNVwvMDVcL21hamFzaXNhbHRhLndlYnAiLCJzbGlkZXNob3ciOiIwM2VkODM1In0%3D\">\t\t<div class=\"elementor-carousel-image swiper-lazy\" role=\"img\" aria-label=\"majasis\u00e4lt\u00e4\" data-background=\"https:\/\/pmsry.fi\/wp\/wp-content\/uploads\/2025\/05\/majasisalta.webp\">\n\n\t\t\t\t\t\t\t<div class=\"swiper-lazy-preloader\"><\/div>\n\t\t\t\n\t\t\t\t\t<\/div>\n\t\t<\/a>\t\t\t\t\t\t<\/div>\n\t\t\t\t\t\t\t\t\t\t\t<div class=\"swiper-slide\" role=\"group\" aria-roledescription=\"slide\">\n\t\t\t\t\t\t\t<a href=\"https:\/\/pmsry.fi\/wp\/wp-content\/uploads\/2025\/05\/majansauna3.webp\" data-elementor-open-lightbox=\"yes\" data-elementor-lightbox-slideshow=\"03ed835\" data-e-action-hash=\"#elementor-action%3Aaction%3Dlightbox%26settings%3DeyJpZCI6MTE2NSwidXJsIjoiaHR0cHM6XC9cL3Btc3J5LmZpXC93cFwvd3AtY29udGVudFwvdXBsb2Fkc1wvMjAyNVwvMDVcL21hamFuc2F1bmEzLndlYnAiLCJzbGlkZXNob3ciOiIwM2VkODM1In0%3D\">\t\t<div class=\"elementor-carousel-image swiper-lazy\" role=\"img\" aria-label=\"majansauna3\" data-background=\"https:\/\/pmsry.fi\/wp\/wp-content\/uploads\/2025\/05\/majansauna3.webp\">\n\n\t\t\t\t\t\t\t<div class=\"swiper-lazy-preloader\"><\/div>\n\t\t\t\n\t\t\t\t\t<\/div>\n\t\t<\/a>\t\t\t\t\t\t<\/div>\n\t\t\t\t\t\t\t\t\t\t\t<div class=\"swiper-slide\" role=\"group\" aria-roledescription=\"slide\">\n\t\t\t\t\t\t\t<a href=\"https:\/\/pmsry.fi\/wp\/wp-content\/uploads\/2025\/05\/majanpesuhuone.webp\" data-elementor-open-lightbox=\"yes\" data-elementor-lightbox-slideshow=\"03ed835\" data-e-action-hash=\"#elementor-action%3Aaction%3Dlightbox%26settings%3DeyJpZCI6MTE2NiwidXJsIjoiaHR0cHM6XC9cL3Btc3J5LmZpXC93cFwvd3AtY29udGVudFwvdXBsb2Fkc1wvMjAyNVwvMDVcL21hamFucGVzdWh1b25lLndlYnAiLCJzbGlkZXNob3ciOiIwM2VkODM1In0%3D\">\t\t<div class=\"elementor-carousel-image swiper-lazy\" role=\"img\" aria-label=\"majanpesuhuone\" data-background=\"https:\/\/pmsry.fi\/wp\/wp-content\/uploads\/2025\/05\/majanpesuhuone.webp\">\n\n\t\t\t\t\t\t\t<div class=\"swiper-lazy-preloader\"><\/div>\n\t\t\t\n\t\t\t\t\t<\/div>\n\t\t<\/a>\t\t\t\t\t\t<\/div>\n\t\t\t\t\t\t\t\t\t\t\t<div class=\"swiper-slide\" role=\"group\" aria-roledescription=\"slide\">\n\t\t\t\t\t\t\t<a href=\"https:\/\/pmsry.fi\/wp\/wp-content\/uploads\/2025\/05\/majansauna.webp\" data-elementor-open-lightbox=\"yes\" data-elementor-lightbox-slideshow=\"03ed835\" data-e-action-hash=\"#elementor-action%3Aaction%3Dlightbox%26settings%3DeyJpZCI6MTE2NywidXJsIjoiaHR0cHM6XC9cL3Btc3J5LmZpXC93cFwvd3AtY29udGVudFwvdXBsb2Fkc1wvMjAyNVwvMDVcL21hamFuc2F1bmEud2VicCIsInNsaWRlc2hvdyI6IjAzZWQ4MzUifQ%3D%3D\">\t\t<div class=\"elementor-carousel-image swiper-lazy\" role=\"img\" aria-label=\"majansauna\" data-background=\"https:\/\/pmsry.fi\/wp\/wp-content\/uploads\/2025\/05\/majansauna.webp\">\n\n\t\t\t\t\t\t\t<div class=\"swiper-lazy-preloader\"><\/div>\n\t\t\t\n\t\t\t\t\t<\/div>\n\t\t<\/a>\t\t\t\t\t\t<\/div>\n\t\t\t\t\t\t\t\t\t<\/div>\n\t\t\t\t\t\t\t\t\t\t\t\t\t\t\t\t\t\t\t\t<div class=\"swiper-pagination\"><\/div>\n\t\t\t\t\t\t\t\t\t\t\t\t<\/div>\n\t\t\t\t\t\t\t\t<\/div>\n\t\t\t\t<\/div>\n\t\t\t\t\t<\/div>\n\t\t\t\t<\/div>\n\t\t\t\t<\/div>\n\t\t","protected":false},"excerpt":{"rendered":"<p>Ampumaradan maja vuokraa ampumaradan maja Ampumaradan alueella sijaitseva mets\u00e4stysmaja on vuokrattavissa niin seuran j\u00e4senten kuin muidenkin k\u00e4ytt\u00f6\u00f6n. T\u00e4ydellinen paikka saunoa ja rentoutua luonnon helmassa. Maja Ampumaradan alueella oleva majamme on vuokrattavissa my\u00f6s yksityisk\u00e4ytt\u00f6\u00f6n. Ilta\/tilaisuus 100\u20ac,\u00a0 j\u00e4senilt\u00e4 sek\u00e4 maanomistajilta 70\u20ac Koko viikonloppu 200\u20ac ( perjantai-ilta\u2013sunnuntai-ilta ) j\u00e4senilt\u00e4 ja maanomistajilta 150\u20ac Saunap\u00e4\u00e4n vuokra pesutiloineen 150\u20ac\/ ilta, j\u00e4senilt\u00e4 [&hellip;]<\/p>\n","protected":false},"author":1,"featured_media":0,"parent":0,"menu_order":0,"comment_status":"closed","ping_status":"closed","template":"","meta":{"footnotes":""},"class_list":["post-760","page","type-page","status-publish","hentry"],"_links":{"self":[{"href":"https:\/\/pmsry.fi\/wp\/wp-json\/wp\/v2\/pages\/760","targetHints":{"allow":["GET"]}}],"collection":[{"href":"https:\/\/pmsry.fi\/wp\/wp-json\/wp\/v2\/pages"}],"about":[{"href":"https:\/\/pmsry.fi\/wp\/wp-json\/wp\/v2\/types\/page"}],"author":[{"embeddable":true,"href":"https:\/\/pmsry.fi\/wp\/wp-json\/wp\/v2\/users\/1"}],"replies":[{"embeddable":true,"href":"https:\/\/pmsry.fi\/wp\/wp-json\/wp\/v2\/comments?post=760"}],"version-history":[{"count":7,"href":"https:\/\/pmsry.fi\/wp\/wp-json\/wp\/v2\/pages\/760\/revisions"}],"predecessor-version":[{"id":1170,"href":"https:\/\/pmsry.fi\/wp\/wp-json\/wp\/v2\/pages\/760\/revisions\/1170"}],"wp:attachment":[{"href":"https:\/\/pmsry.fi\/wp\/wp-json\/wp\/v2\/media?parent=760"}],"curies":[{"name":"wp","href":"https:\/\/api.w.org\/{rel}","templated":true}]}}